{"id":95894,"date":"2025-09-29T17:28:50","date_gmt":"2025-09-29T14:28:50","guid":{"rendered":"https:\/\/hassting.ro\/?post_type=product&#038;p=95894"},"modified":"2025-11-12T00:00:45","modified_gmt":"2025-11-11T21:00:45","slug":"mulineta-ha5000","status":"publish","type":"product","link":"https:\/\/hassting.ro\/hu\/magazin\/mulineta-ha5000\/","title":{"rendered":"Mulineta HA5000"},"content":{"rendered":"<h1>Mulineta HA5000<\/h1>\n<p>Mulinet\u0103 destinat\u0103 pescuitului la spinning sau match, cu tambur metalic\u00a0perfect echilibrat \u0219i coarb\u0103 metalic\u0103 cu m\u00e2ner supradimensionat pentru o priz\u0103\u00a0c\u00e2t mai bun\u0103. Mulineta are un design deosebit \u0219i un raport pre\u021b-calitate de invidiat.<\/p>\n<h1>Caracteristici\u00a0Mulineta HA5000<\/h1>\n<ul>\n<li>Capacitate: 0,40mm\/150m<\/li>\n<li>Raport recuperare: 5.1:1<\/li>\n<li>1 (14)\u00a0rulmenti<\/li>\n<li>Greutate: 269g.<\/li>\n<li>Tambur: Al.<\/li>\n<li>Mulinet\u0103 destinat\u0103 pescuitului la spinning sau match, cu tambur metalic\u00a0perfect echilibrat \u0219i coarb\u0103 metalic\u0103 cu m\u00e2ner supradimensionat pentru o priz\u0103\u00a0c\u00e2t mai bun\u0103. Mulineta are un design deosebit \u0219i un raport pre\u021b-calitate de invidiat.<\/li>\n<\/ul>","protected":false},"excerpt":{"rendered":"<p>Mulineta HA5000,Mulineta HA5000<\/p>","protected":false},"featured_media":95896,"comment_status":"closed","ping_status":"open","template":"","meta":{"_acf_changed":false},"product_brand":[2487],"product_cat":[226,361],"product_tag":[],"class_list":{"0":"post-95894","1":"product","2":"type-product","3":"status-publish","4":"has-post-thumbnail","6":"product_brand-baracuda","7":"product_cat-magazin-pescuit","8":"product_cat-mulinete-pescuit-stationar","10":"first","11":"instock","12":"sale","13":"purchasable","14":"product-type-simple"},"acf":[],"_links":{"self":[{"href":"https:\/\/hassting.ro\/hu\/wp-json\/wp\/v2\/product\/95894","targetHints":{"allow":["GET"]}}],"collection":[{"href":"https:\/\/hassting.ro\/hu\/wp-json\/wp\/v2\/product"}],"about":[{"href":"https:\/\/hassting.ro\/hu\/wp-json\/wp\/v2\/types\/product"}],"replies":[{"embeddable":true,"href":"https:\/\/hassting.ro\/hu\/wp-json\/wp\/v2\/comments?post=95894"}],"version-history":[{"count":0,"href":"https:\/\/hassting.ro\/hu\/wp-json\/wp\/v2\/product\/95894\/revisions"}],"wp:featuredmedia":[{"embeddable":true,"href":"https:\/\/hassting.ro\/hu\/wp-json\/wp\/v2\/media\/95896"}],"wp:attachment":[{"href":"https:\/\/hassting.ro\/hu\/wp-json\/wp\/v2\/media?parent=95894"}],"wp:term":[{"taxonomy":"product_brand","embeddable":true,"href":"https:\/\/hassting.ro\/hu\/wp-json\/wp\/v2\/product_brand?post=95894"},{"taxonomy":"product_cat","embeddable":true,"href":"https:\/\/hassting.ro\/hu\/wp-json\/wp\/v2\/product_cat?post=95894"},{"taxonomy":"product_tag","embeddable":true,"href":"https:\/\/hassting.ro\/hu\/wp-json\/wp\/v2\/product_tag?post=95894"}],"curies":[{"name":"wp","href":"https:\/\/api.w.org\/{rel}","templated":true}]}}