{"id":9316,"date":"2022-06-06T20:07:40","date_gmt":"2022-06-06T17:07:40","guid":{"rendered":"https:\/\/hassting.ro\/produs\/swinger-ajustabil-c-tec-23-cm-blue\/"},"modified":"2025-10-25T19:29:04","modified_gmt":"2025-10-25T16:29:04","slug":"swinger-ajustabil-c-tec-23-cm-blue","status":"publish","type":"product","link":"https:\/\/hassting.ro\/hu\/magazin\/swinger-ajustabil-c-tec-23-cm-blue\/","title":{"rendered":"\u00c1ll\u00edthat\u00f3 swinger C-TEC 23 CM K\u00c9K"},"content":{"rendered":"<p>\u00c1LL\u00cdTHAT\u00d3 Swinger C-TEC 23 CM K\u00c9K<\/p>","protected":false},"excerpt":{"rendered":"<p>\u00c1LL\u00cdTHAT\u00d3 Swinger C-TEC 23 CM K\u00c9K<\/p>","protected":false},"featured_media":9333,"comment_status":"closed","ping_status":"closed","template":"","meta":{"_acf_changed":false},"product_brand":[2428],"product_cat":[226,516],"product_tag":[],"class_list":{"0":"post-9316","1":"product","2":"type-product","3":"status-publish","4":"has-post-thumbnail","6":"product_brand-c-tec","7":"product_cat-magazin-pescuit","8":"product_cat-sisteme-de-semnalizare","10":"first","11":"instock","12":"sale","13":"purchasable","14":"product-type-simple"},"acf":[],"_links":{"self":[{"href":"https:\/\/hassting.ro\/hu\/wp-json\/wp\/v2\/product\/9316","targetHints":{"allow":["GET"]}}],"collection":[{"href":"https:\/\/hassting.ro\/hu\/wp-json\/wp\/v2\/product"}],"about":[{"href":"https:\/\/hassting.ro\/hu\/wp-json\/wp\/v2\/types\/product"}],"replies":[{"embeddable":true,"href":"https:\/\/hassting.ro\/hu\/wp-json\/wp\/v2\/comments?post=9316"}],"version-history":[{"count":0,"href":"https:\/\/hassting.ro\/hu\/wp-json\/wp\/v2\/product\/9316\/revisions"}],"wp:featuredmedia":[{"embeddable":true,"href":"https:\/\/hassting.ro\/hu\/wp-json\/wp\/v2\/media\/9333"}],"wp:attachment":[{"href":"https:\/\/hassting.ro\/hu\/wp-json\/wp\/v2\/media?parent=9316"}],"wp:term":[{"taxonomy":"product_brand","embeddable":true,"href":"https:\/\/hassting.ro\/hu\/wp-json\/wp\/v2\/product_brand?post=9316"},{"taxonomy":"product_cat","embeddable":true,"href":"https:\/\/hassting.ro\/hu\/wp-json\/wp\/v2\/product_cat?post=9316"},{"taxonomy":"product_tag","embeddable":true,"href":"https:\/\/hassting.ro\/hu\/wp-json\/wp\/v2\/product_tag?post=9316"}],"curies":[{"name":"wp","href":"https:\/\/api.w.org\/{rel}","templated":true}]}}