{"id":9288,"date":"2022-10-26T08:56:53","date_gmt":"2022-10-26T05:56:53","guid":{"rendered":"https:\/\/hassting.ro\/produs\/bambine-plastic-fluo-20-buc-set\/"},"modified":"2025-10-25T19:26:12","modified_gmt":"2025-10-25T16:26:12","slug":"bambine-plastic-fluo-20-buc-set","status":"publish","type":"product","link":"https:\/\/hassting.ro\/hu\/magazin\/bambine-plastic-fluo-20-buc-set\/","title":{"rendered":"L\u00e1nyok fluoreszk\u00e1l\u00f3 m\u0171anyag ( 20 BUC\/SET )"},"content":{"rendered":"<p>L\u00e1nyok fluoreszk\u00e1l\u00f3 m\u0171anyag ( 20 BUC\/SET )<\/p>","protected":false},"excerpt":{"rendered":"<p>L\u00e1nyok fluoreszk\u00e1l\u00f3 m\u0171anyag ( 20 BUC\/SET )<\/p>","protected":false},"featured_media":9344,"comment_status":"closed","ping_status":"closed","template":"","meta":{"_acf_changed":false},"product_brand":[2436],"product_cat":[226,516],"product_tag":[],"class_list":{"0":"post-9288","1":"product","2":"type-product","3":"status-publish","4":"has-post-thumbnail","6":"product_brand-nn","7":"product_cat-magazin-pescuit","8":"product_cat-sisteme-de-semnalizare","10":"first","11":"instock","12":"sale","13":"purchasable","14":"product-type-simple"},"acf":[],"_links":{"self":[{"href":"https:\/\/hassting.ro\/hu\/wp-json\/wp\/v2\/product\/9288","targetHints":{"allow":["GET"]}}],"collection":[{"href":"https:\/\/hassting.ro\/hu\/wp-json\/wp\/v2\/product"}],"about":[{"href":"https:\/\/hassting.ro\/hu\/wp-json\/wp\/v2\/types\/product"}],"replies":[{"embeddable":true,"href":"https:\/\/hassting.ro\/hu\/wp-json\/wp\/v2\/comments?post=9288"}],"version-history":[{"count":0,"href":"https:\/\/hassting.ro\/hu\/wp-json\/wp\/v2\/product\/9288\/revisions"}],"wp:featuredmedia":[{"embeddable":true,"href":"https:\/\/hassting.ro\/hu\/wp-json\/wp\/v2\/media\/9344"}],"wp:attachment":[{"href":"https:\/\/hassting.ro\/hu\/wp-json\/wp\/v2\/media?parent=9288"}],"wp:term":[{"taxonomy":"product_brand","embeddable":true,"href":"https:\/\/hassting.ro\/hu\/wp-json\/wp\/v2\/product_brand?post=9288"},{"taxonomy":"product_cat","embeddable":true,"href":"https:\/\/hassting.ro\/hu\/wp-json\/wp\/v2\/product_cat?post=9288"},{"taxonomy":"product_tag","embeddable":true,"href":"https:\/\/hassting.ro\/hu\/wp-json\/wp\/v2\/product_tag?post=9288"}],"curies":[{"name":"wp","href":"https:\/\/api.w.org\/{rel}","templated":true}]}}