{"id":9287,"date":"2022-10-26T08:56:53","date_gmt":"2022-10-26T05:56:53","guid":{"rendered":"https:\/\/hassting.ro\/produs\/bambine-noapte-100-buc-set\/"},"modified":"2025-10-25T19:26:12","modified_gmt":"2025-10-25T16:26:12","slug":"bambine-noapte-100-buc-set","status":"publish","type":"product","link":"https:\/\/hassting.ro\/hu\/magazin\/bambine-noapte-100-buc-set\/","title":{"rendered":"\u00c9JSZAKAI L\u00c1NYOK (100 DB\/K\u00c9SZLET)"},"content":{"rendered":"<p>\u00c9JSZAKAI \u00c1GYAK (100 BUC\/k\u00e9szlet)<\/p>","protected":false},"excerpt":{"rendered":"<p>\u00c9JSZAKAI \u00c1GYAK (100 BUC\/k\u00e9szlet)<\/p>","protected":false},"featured_media":9344,"comment_status":"closed","ping_status":"closed","template":"","meta":{"_acf_changed":false},"product_brand":[2436],"product_cat":[226,516],"product_tag":[],"class_list":{"0":"post-9287","1":"product","2":"type-product","3":"status-publish","4":"has-post-thumbnail","6":"product_brand-nn","7":"product_cat-magazin-pescuit","8":"product_cat-sisteme-de-semnalizare","10":"first","11":"instock","12":"sale","13":"purchasable","14":"product-type-simple"},"acf":[],"_links":{"self":[{"href":"https:\/\/hassting.ro\/hu\/wp-json\/wp\/v2\/product\/9287","targetHints":{"allow":["GET"]}}],"collection":[{"href":"https:\/\/hassting.ro\/hu\/wp-json\/wp\/v2\/product"}],"about":[{"href":"https:\/\/hassting.ro\/hu\/wp-json\/wp\/v2\/types\/product"}],"replies":[{"embeddable":true,"href":"https:\/\/hassting.ro\/hu\/wp-json\/wp\/v2\/comments?post=9287"}],"version-history":[{"count":0,"href":"https:\/\/hassting.ro\/hu\/wp-json\/wp\/v2\/product\/9287\/revisions"}],"wp:featuredmedia":[{"embeddable":true,"href":"https:\/\/hassting.ro\/hu\/wp-json\/wp\/v2\/media\/9344"}],"wp:attachment":[{"href":"https:\/\/hassting.ro\/hu\/wp-json\/wp\/v2\/media?parent=9287"}],"wp:term":[{"taxonomy":"product_brand","embeddable":true,"href":"https:\/\/hassting.ro\/hu\/wp-json\/wp\/v2\/product_brand?post=9287"},{"taxonomy":"product_cat","embeddable":true,"href":"https:\/\/hassting.ro\/hu\/wp-json\/wp\/v2\/product_cat?post=9287"},{"taxonomy":"product_tag","embeddable":true,"href":"https:\/\/hassting.ro\/hu\/wp-json\/wp\/v2\/product_tag?post=9287"}],"curies":[{"name":"wp","href":"https:\/\/api.w.org\/{rel}","templated":true}]}}