{"id":84895,"date":"2025-06-11T18:58:34","date_gmt":"2025-06-11T15:58:34","guid":{"rendered":"https:\/\/hassting.ro\/produs\/statie-emisie-receptie-uv-82-5w\/"},"modified":"2025-10-25T19:21:40","modified_gmt":"2025-10-25T16:21:40","slug":"statie-emisie-receptie-uv-82-5w","status":"publish","type":"product","link":"https:\/\/hassting.ro\/hu\/magazin\/statie-emisie-receptie-uv-82-5w\/","title":{"rendered":"UV 82 5W UV 82 5W v\u00e9teli ad\u00f3egys\u00e9g"},"content":{"rendered":"<p><span style=\"font-weight: bold; color: #5c5c5c; font-family: 'Open Sans'; font-size: 14px;\">Caracteristici principale<\/span><br style=\"color: #5c5c5c; font-family: 'Open Sans'; font-size: 14px;\" \/><span style=\"color: #5c5c5c; font-family: 'Open Sans'; font-size: 14px; vertical-align: inherit;\">-Transceiver portabil cu band\u0103 dual\u0103 cu meniu de afi\u0219are pe afi\u0219aj \u201eLCD\u201d.<\/span><br style=\"color: #5c5c5c; font-family: 'Open Sans'; font-size: 14px;\" \/><span style=\"color: #5c5c5c; font-family: 'Open Sans'; font-size: 14px; vertical-align: inherit;\">-Mod frecven\u021b\u0103\/Mod canal<\/span><br style=\"color: #5c5c5c; font-family: 'Open Sans'; font-size: 14px;\" \/><span style=\"color: #5c5c5c; font-family: 'Open Sans'; font-size: 14px; vertical-align: inherit;\">&#8211; codificat DTMF.<\/span><br style=\"color: #5c5c5c; font-family: 'Open Sans'; font-size: 14px;\" \/><span style=\"color: #5c5c5c; font-family: 'Open Sans'; font-size: 14px; vertical-align: inherit;\">&#8211; \u00cencorporeaz\u0103 105 coduri \u201eDCS\u201d \u0219i 50 de coduri de confiden\u021bialitate \u201eCTCSS\u201d programabile.<\/span><br style=\"color: #5c5c5c; font-family: 'Open Sans'; font-size: 14px;\" \/><span style=\"color: #5c5c5c; font-family: 'Open Sans'; font-size: 14px; vertical-align: inherit;\">-CTCSS &amp; DCS Scanare<\/span><br style=\"color: #5c5c5c; font-family: 'Open Sans'; font-size: 14px;\" \/><span style=\"color: #5c5c5c; font-family: 'Open Sans'; font-size: 14px; vertical-align: inherit;\">&#8211; CTCSS &amp; DCS Intrare direct\u0103<\/span><br style=\"color: #5c5c5c; font-family: 'Open Sans'; font-size: 14px;\" \/><span style=\"color: #5c5c5c; font-family: 'Open Sans'; font-size: 14px; vertical-align: inherit;\">&#8211; Func\u021bia &#8220;VOX&#8221; (transmisie operat\u0103 prin voce).<\/span><br style=\"color: #5c5c5c; font-family: 'Open Sans'; font-size: 14px;\" \/><span style=\"color: #5c5c5c; font-family: 'Open Sans'; font-size: 14px; vertical-align: inherit;\">&#8211; Functie de alarma.<\/span><br style=\"color: #5c5c5c; font-family: 'Open Sans'; font-size: 14px;\" \/><span style=\"color: #5c5c5c; font-family: 'Open Sans'; font-size: 14px; vertical-align: inherit;\">&#8211; P\u00e2n\u0103 la 128 de canale de memorie.<\/span><br style=\"color: #5c5c5c; font-family: 'Open Sans'; font-size: 14px;\" \/><span style=\"color: #5c5c5c; font-family: 'Open Sans'; font-size: 14px; vertical-align: inherit;\">&#8211; Broadband (Wide) \/ Narrowband (Narrow), selectabil.<\/span><br style=\"color: #5c5c5c; font-family: 'Open Sans'; font-size: 14px;\" \/><span style=\"color: #5c5c5c; font-family: 'Open Sans'; font-size: 14px; vertical-align: inherit;\">&#8211; Putere mare\/sc\u0103zut\u0103 (5 W\/1 W) selectabil\u0103.<\/span><br style=\"color: #5c5c5c; font-family: 'Open Sans'; font-size: 14px;\" \/><span style=\"color: #5c5c5c; font-family: 'Open Sans'; font-size: 14px; vertical-align: inherit;\">&#8211; Iluminare afi\u0219aj \u0219i tastatur\u0103 programabil\u0103.<\/span><br style=\"color: #5c5c5c; font-family: 'Open Sans'; font-size: 14px;\" \/><span style=\"color: #5c5c5c; font-family: 'Open Sans'; font-size: 14px; vertical-align: inherit;\">&#8211; Func\u021bia \u201ebip\u201d de pe tastatur\u0103.<\/span><br style=\"color: #5c5c5c; font-family: 'Open Sans'; font-size: 14px;\" \/><span style=\"color: #5c5c5c; font-family: 'Open Sans'; font-size: 14px; vertical-align: inherit;\">&#8211; Standby dublu\/recep\u021bie dual\u0103.<\/span><br style=\"color: #5c5c5c; font-family: 'Open Sans'; font-size: 14px;\" \/><span style=\"color: #5c5c5c; font-family: 'Open Sans'; font-size: 14px; vertical-align: inherit;\">-Recep\u021bie\/transmisie \u00een band\u0103 \u00eencruci\u0219at\u0103<\/span><br style=\"color: #5c5c5c; font-family: 'Open Sans'; font-size: 14px;\" \/><span style=\"color: #5c5c5c; font-family: 'Open Sans'; font-size: 14px; vertical-align: inherit;\">&#8211; Func\u021bia \u201eOFFSET\u201d (offset de frecven\u021b\u0103 pentru acces la repetitor).<\/span><br style=\"color: #5c5c5c; font-family: 'Open Sans'; font-size: 14px;\" \/><span style=\"color: #5c5c5c; font-family: 'Open Sans'; font-size: 14px; vertical-align: inherit;\">&#8211; Frecven\u021b\u0103 invers\u0103<\/span><br style=\"color: #5c5c5c; font-family: 'Open Sans'; font-size: 14px;\" \/><span style=\"color: #5c5c5c; font-family: 'Open Sans'; font-size: 14px; vertical-align: inherit;\">&#8211; Func\u021bia de economisire a bateriei \u201eSAVE\u201d.<\/span><br style=\"color: #5c5c5c; font-family: 'Open Sans'; font-size: 14px;\" \/><span style=\"color: #5c5c5c; font-family: 'Open Sans'; font-size: 14px; vertical-align: inherit;\">&#8211; Temporizator de transmisie \u201eTOT\u201d programabil.<\/span><br style=\"color: #5c5c5c; font-family: 'Open Sans'; font-size: 14px;\" \/><span style=\"color: #5c5c5c; font-family: 'Open Sans'; font-size: 14px; vertical-align: inherit;\">&#8211; Selectarea modului de scanare.<\/span><br style=\"color: #5c5c5c; font-family: 'Open Sans'; font-size: 14px;\" \/><span style=\"color: #5c5c5c; font-family: 'Open Sans'; font-size: 14px; vertical-align: inherit;\">&#8211; Func\u021bia de blocare canal ocupat \u201eBCLO\u201d.<\/span><br style=\"color: #5c5c5c; font-family: 'Open Sans'; font-size: 14px;\" \/><span style=\"color: #5c5c5c; font-family: 'Open Sans'; font-size: 14px; vertical-align: inherit;\">&#8211; Scanare RX CTCSS\/DCS \u00eencorporat\u0103<\/span><br style=\"color: #5c5c5c; font-family: 'Open Sans'; font-size: 14px;\" \/><span style=\"color: #5c5c5c; font-family: 'Open Sans'; font-size: 14px; vertical-align: inherit;\">&#8211; Lantern\u0103 LED \u00eencorporat\u0103.<\/span><br style=\"color: #5c5c5c; font-family: 'Open Sans'; font-size: 14px;\" \/><span style=\"color: #5c5c5c; font-family: 'Open Sans'; font-size: 14px; vertical-align: inherit;\">&#8211; Programabil prin PC.<\/span><br style=\"color: #5c5c5c; font-family: 'Open Sans'; font-size: 14px;\" \/><span style=\"color: #5c5c5c; font-family: 'Open Sans'; font-size: 14px; vertical-align: inherit;\">&#8211; Pragul de nivel \u201eSquelch\u201d reglabil de la 0 la 9. &#8211;<\/span><br style=\"color: #5c5c5c; font-family: 'Open Sans'; font-size: 14px;\" \/><span style=\"color: #5c5c5c; font-family: 'Open Sans'; font-size: 14px; vertical-align: inherit;\">Sf\u00e2r\u0219itul tonului de transmisie<\/span><br style=\"color: #5c5c5c; font-family: 'Open Sans'; font-size: 14px;\" \/><span style=\"color: #5c5c5c; font-family: 'Open Sans'; font-size: 14px; vertical-align: inherit;\">&#8211; Blocare \u00eencorporat\u0103 a tastei<\/span><\/p>\n<p style=\"margin-right: 0px; margin-bottom: 10px; margin-left: 0px; color: #5c5c5c; line-height: 1.55em; font-family: 'Open Sans'; font-size: 14px;\"><span style=\"font-weight: bold;\">Caracteristici principale<\/span><br \/>\n<span style=\"vertical-align: inherit;\">-Transceiver portabil cu band\u0103 dual\u0103 cu meniu de afi\u0219are pe afi\u0219aj \u201eLCD\u201d.<\/span><br \/>\n<span style=\"vertical-align: inherit;\">-Mod frecven\u021b\u0103\/Mod canal<\/span><br \/>\n<span style=\"vertical-align: inherit;\">&#8211; codificat DTMF.<\/span><br \/>\n<span style=\"vertical-align: inherit;\">&#8211; \u00cencorporeaz\u0103 105 coduri \u201eDCS\u201d \u0219i 50 de coduri de confiden\u021bialitate \u201eCTCSS\u201d programabile.<\/span><br \/>\n<span style=\"vertical-align: inherit;\">-CTCSS &amp; DCS Scanare<\/span><br \/>\n<span style=\"vertical-align: inherit;\">&#8211; CTCSS &amp; DCS Intrare direct\u0103<\/span><br \/>\n<span style=\"vertical-align: inherit;\">&#8211; Func\u021bia &#8220;VOX&#8221; (transmisie operat\u0103 prin voce).<\/span><br \/>\n<span style=\"vertical-align: inherit;\">&#8211; Functie de alarma.<\/span><br \/>\n<span style=\"vertical-align: inherit;\">&#8211; P\u00e2n\u0103 la 128 de canale de memorie.<\/span><br \/>\n<span style=\"vertical-align: inherit;\">&#8211; Broadband (Wide) \/ Narrowband (Narrow), selectabil.<\/span><br \/>\n<span style=\"vertical-align: inherit;\">&#8211; Putere mare\/sc\u0103zut\u0103 (5 W\/1 W) selectabil\u0103.<\/span><br \/>\n<span style=\"vertical-align: inherit;\">&#8211; Iluminare afi\u0219aj \u0219i tastatur\u0103 programabil\u0103.<\/span><br \/>\n<span style=\"vertical-align: inherit;\">&#8211; Func\u021bia \u201ebip\u201d de pe tastatur\u0103.<\/span><br \/>\n<span style=\"vertical-align: inherit;\">&#8211; Standby dublu\/recep\u021bie dual\u0103.<\/span><br \/>\n<span style=\"vertical-align: inherit;\">-Recep\u021bie\/transmisie \u00een band\u0103 \u00eencruci\u0219at\u0103<\/span><br \/>\n<span style=\"vertical-align: inherit;\">&#8211; Func\u021bia \u201eOFFSET\u201d (offset de frecven\u021b\u0103 pentru acces la repetitor).<\/span><br \/>\n<span style=\"vertical-align: inherit;\">&#8211; Frecven\u021b\u0103 invers\u0103<\/span><br \/>\n<span style=\"vertical-align: inherit;\">&#8211; Func\u021bia de economisire a bateriei \u201eSAVE\u201d.<\/span><br \/>\n<span style=\"vertical-align: inherit;\">&#8211; Temporizator de transmisie \u201eTOT\u201d programabil.<\/span><br \/>\n<span style=\"vertical-align: inherit;\">&#8211; Selectarea modului de scanare.<\/span><br \/>\n<span style=\"vertical-align: inherit;\">&#8211; Func\u021bia de blocare canal ocupat \u201eBCLO\u201d.<\/span><br \/>\n<span style=\"vertical-align: inherit;\">&#8211; Scanare RX CTCSS\/DCS \u00eencorporat\u0103<\/span><br \/>\n<span style=\"vertical-align: inherit;\">&#8211; Lantern\u0103 LED \u00eencorporat\u0103.<\/span><br \/>\n<span style=\"vertical-align: inherit;\">&#8211; Programabil prin PC.<\/span><br \/>\n<span style=\"vertical-align: inherit;\">&#8211; Pragul de nivel \u201eSquelch\u201d reglabil de la 0 la 9. &#8211;<\/span><br \/>\n<span style=\"vertical-align: inherit;\">Sf\u00e2r\u0219itul tonului de transmisie<\/span><br \/>\n<span style=\"vertical-align: inherit;\">&#8211; Blocare \u00eencorporat\u0103 a tastei<\/span><\/p>\n<p style=\"margin-right: 0px; margin-bottom: 10px; margin-left: 0px; color: #5c5c5c; line-height: 1.55em; font-family: 'Open Sans'; font-size: 14px;\"><span style=\"font-weight: bold;\">GENERAL<\/span><br \/>\n<span data-mce-fragment=\"1\">VHF 144-148MHz &amp; UHF 420-450MHz<\/span><br \/>\n<span style=\"vertical-align: inherit;\">Canale de memorie P\u00e2n\u0103 la 128 de canale<\/span><br \/>\n<span style=\"vertical-align: inherit;\">Stabilitatea frecven\u021bei 2,5 ppm.<\/span><br \/>\n<span style=\"vertical-align: inherit;\">Pas de frecven\u021b\u0103 2.5kHz\/5kHz\/6.25kHz\/10kHz\/12.5kHz\/20\/kHz\/25kHz.<\/span><br \/>\n<span style=\"vertical-align: inherit;\">Impedan\u021ba antenei 50\u03a9.<\/span><br \/>\n<span style=\"vertical-align: inherit;\">Temperatura de func\u021bionare -20\u2103 p\u00e2n\u0103 la +60\u2103<\/span><br \/>\n<span style=\"vertical-align: inherit;\">Tensiune de alimentare Litiu-Ion re\u00eenc\u0103rcabil mAh 7,4V\/1800.<\/span><br \/>\n<span style=\"vertical-align: inherit;\">Consum \u00een recep\u021bie 380mA<\/span><br \/>\n<span style=\"vertical-align: inherit;\">Consum \u00een transmisie \u22641,4 A.<\/span><br \/>\n<span style=\"vertical-align: inherit;\">Mod de func\u021bionare Simplex sau semi-duplex.<\/span><br \/>\n<span style=\"vertical-align: inherit;\">Ciclu de func\u021bionare 03\/03\/54 min. (Rx \/ Tx \/ Standby).<\/span><br \/>\n<span style=\"vertical-align: inherit;\">Dimensiuni 58mm x 110mm x 32mm<\/span><br \/>\n<span style=\"vertical-align: inherit;\">Greutate 130 g (aproximativ).<\/span><\/p>\n<p><span style=\"font-weight: bold;\">TRANSMITATOR<\/span><br \/>\n<span style=\"vertical-align: inherit;\">RF putere 5W\/1W.<\/span><br \/>\n<span style=\"vertical-align: inherit;\">Clasa de emisie 16K\u03a6F3E\/11K\u03a6F3E (W\/N).<\/span><br \/>\n<span style=\"vertical-align: inherit;\">Abatere maxim\u0103 \u2264\u00b15 kHz\/\u2264\u00b12,5 kHz (W\/N).<\/span><br \/>\n<span style=\"vertical-align: inherit;\">Emisii nocive &lt;-60 dB.<\/span><\/p>\n<p><span style=\"font-weight: bold;\">RECEPTOR<\/span><br \/>\n<span style=\"vertical-align: inherit;\">Sensibilitatea receptorului 0,2 \u03bcV (la 12 dB SINAD).<\/span><br \/>\n<span style=\"vertical-align: inherit;\">Intermodula\u021bie 60 dB.<\/span><br \/>\n<span style=\"vertical-align: inherit;\">Ie\u0219ire audio 1W<\/span><br \/>\n<span style=\"vertical-align: inherit;\">Radia\u021bii parasite \u226765dB<\/span><\/p>\n<p>&nbsp;<\/p>\n<p style=\"margin-right: 0px; margin-bottom: 10px; margin-left: 0px; color: #5c5c5c; line-height: 1.55em; font-family: 'Open Sans'; font-size: 14px;\"><span style=\"font-weight: bold;\"><br \/>\n<span style=\"vertical-align: inherit;\"><span style=\"vertical-align: inherit;\">Con\u021binutul pachetului standard<\/span><\/span><\/span><br \/>\n<span style=\"vertical-align: inherit;\">Walkie talkie<\/span><br \/>\n<span style=\"vertical-align: inherit;\">Baterie Li-Ion<\/span><br \/>\n<span style=\"vertical-align: inherit;\">Anten\u0103<\/span><br \/>\n<span style=\"vertical-align: inherit;\">Clip pentru centur\u0103<\/span><br \/>\n<span style=\"vertical-align: inherit;\">Manual de utilizare<\/span><br \/>\n<span style=\"vertical-align: inherit;\">\u00cenc\u0103rc\u0103tor<\/span><\/p>","protected":false},"excerpt":{"rendered":"<p>Caracteristici principale-Transceiver portabil cu band\u0103 dual\u0103 cu meniu de afi\u0219are pe afi\u0219aj \u201eLCD\u201d.-Mod frecven\u021b\u0103\/Mod canal&#8211; codificat DTMF.&#8211; \u00cencorporeaz\u0103 105 coduri \u201eDCS\u201d \u0219i 50 de coduri de confiden\u021bialitate \u201eCTCSS\u201d programabile.-CTCSS &amp;<\/p>","protected":false},"featured_media":84897,"comment_status":"closed","ping_status":"closed","template":"","meta":{"_acf_changed":false},"product_brand":[2470],"product_cat":[2714],"product_tag":[],"class_list":{"0":"post-84895","1":"product","2":"type-product","3":"status-publish","4":"has-post-thumbnail","6":"product_brand-hassting-oem","7":"product_cat-gagets","9":"first","10":"instock","11":"sale","12":"purchasable","13":"product-type-simple"},"acf":[],"_links":{"self":[{"href":"https:\/\/hassting.ro\/hu\/wp-json\/wp\/v2\/product\/84895","targetHints":{"allow":["GET"]}}],"collection":[{"href":"https:\/\/hassting.ro\/hu\/wp-json\/wp\/v2\/product"}],"about":[{"href":"https:\/\/hassting.ro\/hu\/wp-json\/wp\/v2\/types\/product"}],"replies":[{"embeddable":true,"href":"https:\/\/hassting.ro\/hu\/wp-json\/wp\/v2\/comments?post=84895"}],"version-history":[{"count":0,"href":"https:\/\/hassting.ro\/hu\/wp-json\/wp\/v2\/product\/84895\/revisions"}],"wp:featuredmedia":[{"embeddable":true,"href":"https:\/\/hassting.ro\/hu\/wp-json\/wp\/v2\/media\/84897"}],"wp:attachment":[{"href":"https:\/\/hassting.ro\/hu\/wp-json\/wp\/v2\/media?parent=84895"}],"wp:term":[{"taxonomy":"product_brand","embeddable":true,"href":"https:\/\/hassting.ro\/hu\/wp-json\/wp\/v2\/product_brand?post=84895"},{"taxonomy":"product_cat","embeddable":true,"href":"https:\/\/hassting.ro\/hu\/wp-json\/wp\/v2\/product_cat?post=84895"},{"taxonomy":"product_tag","embeddable":true,"href":"https:\/\/hassting.ro\/hu\/wp-json\/wp\/v2\/product_tag?post=84895"}],"curies":[{"name":"wp","href":"https:\/\/api.w.org\/{rel}","templated":true}]}}