{"id":82259,"date":"2024-02-23T13:35:39","date_gmt":"2024-02-23T10:35:39","guid":{"rendered":"https:\/\/hassting.ro\/?post_type=product&#038;p=82259"},"modified":"2025-10-25T19:21:40","modified_gmt":"2025-10-25T16:21:40","slug":"lanseta-turbo-feeder","status":"publish","type":"product","link":"https:\/\/hassting.ro\/hu\/magazin\/lanseta-turbo-feeder\/","title":{"rendered":"Turb\u00f3 adagol\u00f3"},"content":{"rendered":"<p>Turb\u00f3 adagol\u00f3<\/p>\n<p>Az EastShark kedvez\u0151 \u00e1r\u00fa TURBO term\u00e9kcsal\u00e1dja nagyon sokoldal\u00faan haszn\u00e1lhat\u00f3.<\/p>\n<p>A szigonypusk\u00e1nak k\u00f6zepes akci\u00f3ja van, puha \u00e9s k\u00e9nyelmes foganty\u00faval, koreai vezet\u0151kkel \u00e9s megb\u00edzhat\u00f3 ors\u00f3ny\u00edl\u00e1ssal.<\/p>\n<p>3 k\u00fcl\u00f6nb\u00f6z\u0151 akci\u00f3p\u00e1lc\u00e1t tartalmaz.<\/p>\n<p>Akci\u00f3: 100-180 gr.<\/p>\n<p><iframe title=\"\u0423\u0434\u0438\u043b\u0438\u0449\u0435 EastShark TURBO feeder 100-180\" width=\"1170\" height=\"658\" src=\"https:\/\/www.youtube.com\/embed\/4KGqzIFHAPk?feature=oembed\" frameborder=\"0\" allow=\"accelerometer; autoplay; clipboard-write; encrypted-media; gyroscope; picture-in-picture; web-share\" referrerpolicy=\"strict-origin-when-cross-origin\" allowfullscreen><\/iframe><\/p>\n<p>Term\u00e9k: <a href=\"http:\/\/www.eastshark.ro\">Eastshark.<\/a><\/p>\n<p>L\u00e1sd m\u00e9g:\u00a0<a href=\"https:\/\/hassting.ro\/produs\/lanseta-feeder-seeker-180-gr\/\">Seeker 180 gr. feeder spearfish<\/a><\/p>\n<p>&nbsp;<\/p>","protected":false},"excerpt":{"rendered":"<p>Lanseta Turbo Feeder Linia de lansete TURBO de buget de la compania EastShark este foarte versatil\u0103 Lanseta are o ac\u021biune medie, un m\u00e2ner moale \u0219i confortabil, ghidaje coreene \u0219i un<\/p>","protected":false},"featured_media":82265,"comment_status":"open","ping_status":"closed","template":"","meta":{"_acf_changed":false},"product_brand":[2423],"product_cat":[319,342,226],"product_tag":[],"class_list":{"0":"post-82259","1":"product","2":"type-product","3":"status-publish","4":"has-post-thumbnail","6":"product_brand-eastshark","7":"product_cat-lansete","8":"product_cat-lansete-feeder","9":"product_cat-magazin-pescuit","11":"first","12":"instock","13":"sale","14":"shipping-taxable","15":"purchasable","16":"product-type-variable"},"acf":[],"_links":{"self":[{"href":"https:\/\/hassting.ro\/hu\/wp-json\/wp\/v2\/product\/82259","targetHints":{"allow":["GET"]}}],"collection":[{"href":"https:\/\/hassting.ro\/hu\/wp-json\/wp\/v2\/product"}],"about":[{"href":"https:\/\/hassting.ro\/hu\/wp-json\/wp\/v2\/types\/product"}],"replies":[{"embeddable":true,"href":"https:\/\/hassting.ro\/hu\/wp-json\/wp\/v2\/comments?post=82259"}],"version-history":[{"count":0,"href":"https:\/\/hassting.ro\/hu\/wp-json\/wp\/v2\/product\/82259\/revisions"}],"wp:featuredmedia":[{"embeddable":true,"href":"https:\/\/hassting.ro\/hu\/wp-json\/wp\/v2\/media\/82265"}],"wp:attachment":[{"href":"https:\/\/hassting.ro\/hu\/wp-json\/wp\/v2\/media?parent=82259"}],"wp:term":[{"taxonomy":"product_brand","embeddable":true,"href":"https:\/\/hassting.ro\/hu\/wp-json\/wp\/v2\/product_brand?post=82259"},{"taxonomy":"product_cat","embeddable":true,"href":"https:\/\/hassting.ro\/hu\/wp-json\/wp\/v2\/product_cat?post=82259"},{"taxonomy":"product_tag","embeddable":true,"href":"https:\/\/hassting.ro\/hu\/wp-json\/wp\/v2\/product_tag?post=82259"}],"curies":[{"name":"wp","href":"https:\/\/api.w.org\/{rel}","templated":true}]}}