{"id":73267,"date":"2023-04-02T11:22:16","date_gmt":"2023-04-02T08:22:16","guid":{"rendered":"https:\/\/hassting.ro\/?post_type=product&#038;p=73267"},"modified":"2025-10-25T19:22:50","modified_gmt":"2025-10-25T16:22:50","slug":"mulineta-okuma-alaris-als-40","status":"publish","type":"product","link":"https:\/\/hassting.ro\/hu\/magazin\/mulineta-okuma-alaris-als-40\/","title":{"rendered":"Okuma ALARIS ALS-40 ors\u00f3"},"content":{"rendered":"<p>OKUMA ALARIS ORS\u00d3<br \/>\n-<br \/>\nJellemz\u0151k:<br \/>\n- Csap\u00e1gyak sz\u00e1ma: 4 (3BB+1RB);<br \/>\n- Dob: elox\u00e1lt alum\u00ednium, LCS klipesszel;<br \/>\n- Tartal\u00e9k dob: Nem;<br \/>\n- Olajjal impregn\u00e1lt f\u00e9kt\u00e1rcs\u00e1k a f\u00e9krendszerhez;<br \/>\n- Csap\u00e1gy a gyors visszafordul\u00e1sg\u00e1tl\u00f3 rendszerhez;<br \/>\n- Prec\u00edzi\u00f3s s\u00e1rgar\u00e9z fogasker\u00e9k;<br \/>\n- Korr\u00f3zi\u00f3\u00e1ll\u00f3 grafit test \u00e9s rotor;<br \/>\n- CFR technol\u00f3gia: Cylonic Flow Rotor;<br \/>\n- Korr\u00f3zi\u00f3\u00e1ll\u00f3 rozsdamentes ac\u00e9lb\u00f3l k\u00e9sz\u00fclt felv\u00e9teli riaszt\u00f3;<br \/>\n- Merev f\u00e9m foganty\u00fa kialak\u00edt\u00e1s;<br \/>\n- RESII: Sz\u00e1m\u00edt\u00f3g\u00e9pes rotor kiegyens\u00falyoz\u00f3 rendszer.<br \/>\n- Dobkapacit\u00e1s: 0.25\/260,0.30\/180,0.35\/130 ;<br \/>\n- Visszanyer\u00e9si ar\u00e1ny: 5,0:1;<br \/>\n- C\u00e9rna visszanyer\u00e9se \/ forgatty\u00fa fordulat: 85cm;<br \/>\n- S\u00faly (a gy\u00e1rt\u00f3 adatai szerint): 260 g;<br \/>\n- Max. Von\u00f3er\u0151: 8kg<\/p>\n<p>Term\u00e9k: <a href=\"https:\/\/www.okumafishing.com\/\">Okuma Jap\u00e1n.<\/a><\/p>\n<p>L\u00e1sd m\u00e9g:\u00a0<a href=\"https:\/\/hassting.ro\/produs\/mulineta-okuma-carbonite-xp-baitfeeder-155a\/\">Okuma Carbonite XP Baitfeeder 155A ors\u00f3<\/a><\/p>","protected":false},"excerpt":{"rendered":"<p>MULINETA OKUMA\u00a0ALARIS \u00b7 Caracteristici: \u00b7\u00a0\u00a0\u00a0\u00a0\u00a0\u00a0 Numar rulmenti: 4 (3BB+1RB); \u00b7\u00a0\u00a0\u00a0\u00a0\u00a0\u00a0 Tambur: aluminiu anodizat cu clip LCS; \u00b7\u00a0\u00a0\u00a0\u00a0\u00a0\u00a0 Tambur de rezerva: Nu; \u00b7\u00a0\u00a0\u00a0\u00a0\u00a0\u00a0 Discuri de pasla impregnate cu ulei pentru sistemul<\/p>","protected":false},"featured_media":73269,"comment_status":"closed","ping_status":"closed","template":"","meta":{"_acf_changed":false},"product_brand":[2452],"product_cat":[226,311,345],"product_tag":[],"class_list":{"0":"post-73267","1":"product","2":"type-product","3":"status-publish","4":"has-post-thumbnail","6":"product_brand-okuma","7":"product_cat-magazin-pescuit","8":"product_cat-mulinete","9":"product_cat-mulinete-spinning","11":"first","12":"outofstock","13":"sale","14":"purchasable","15":"product-type-simple"},"acf":[],"_links":{"self":[{"href":"https:\/\/hassting.ro\/hu\/wp-json\/wp\/v2\/product\/73267","targetHints":{"allow":["GET"]}}],"collection":[{"href":"https:\/\/hassting.ro\/hu\/wp-json\/wp\/v2\/product"}],"about":[{"href":"https:\/\/hassting.ro\/hu\/wp-json\/wp\/v2\/types\/product"}],"replies":[{"embeddable":true,"href":"https:\/\/hassting.ro\/hu\/wp-json\/wp\/v2\/comments?post=73267"}],"version-history":[{"count":0,"href":"https:\/\/hassting.ro\/hu\/wp-json\/wp\/v2\/product\/73267\/revisions"}],"wp:featuredmedia":[{"embeddable":true,"href":"https:\/\/hassting.ro\/hu\/wp-json\/wp\/v2\/media\/73269"}],"wp:attachment":[{"href":"https:\/\/hassting.ro\/hu\/wp-json\/wp\/v2\/media?parent=73267"}],"wp:term":[{"taxonomy":"product_brand","embeddable":true,"href":"https:\/\/hassting.ro\/hu\/wp-json\/wp\/v2\/product_brand?post=73267"},{"taxonomy":"product_cat","embeddable":true,"href":"https:\/\/hassting.ro\/hu\/wp-json\/wp\/v2\/product_cat?post=73267"},{"taxonomy":"product_tag","embeddable":true,"href":"https:\/\/hassting.ro\/hu\/wp-json\/wp\/v2\/product_tag?post=73267"}],"curies":[{"name":"wp","href":"https:\/\/api.w.org\/{rel}","templated":true}]}}