{"id":6354,"date":"2022-03-05T19:26:22","date_gmt":"2022-03-05T17:26:22","guid":{"rendered":"https:\/\/hassting.ro\/?post_type=product&#038;p=6354"},"modified":"2025-11-03T17:41:45","modified_gmt":"2025-11-03T14:41:45","slug":"lanseta-cat-pentru-spinning","status":"publish","type":"product","link":"https:\/\/hassting.ro\/hu\/magazin\/lanseta-cat-pentru-spinning\/","title":{"rendered":"Fonott harcsa"},"content":{"rendered":"<p><a href=\"https:\/\/diamantalb.ro\/product\/lansete-spinning-10-30g-cat-738\/\">Ind\u00edtsa el a  oldalt.<\/a> macska a p\u00f6rg\u00e9shez.<\/p>\n<p>Sz\u00e9n anyag.<\/p>\n<p>2,1 \u00e9s 2,4 m k\u00f6z\u00f6tti hossz\u00fas\u00e1g.<\/p>\n<p>Dob\u00f3er\u0151 10-30 g.<\/p>\n<p>M\u00e1s haj\u00f3k ugyanabb\u00f3l a csal\u00e1db\u00f3l:\u00a0<a href=\"https:\/\/hassting.ro\/produs\/lanseta-spinning-jia-cheng\/\">JIA CHENG-727 Spinning Spearfish<\/a> ,\u00a0<a href=\"https:\/\/hassting.ro\/produs\/lanseta-black-cat\/\">Fekete macska spinning bot<\/a><\/p>","protected":false},"excerpt":{"rendered":"<p>Lanseta cat pentru spinning. Material carbon. Lungimi intre 2.1 si 2.4 m. Putere aruncare 10-30 g. Alte lansete din aceiasi familie:\u00a0Lanseta spinning JIA CHENG-727 ,\u00a0Lanseta black cat pentru spinning<\/p>","protected":false},"featured_media":6359,"comment_status":"open","ping_status":"closed","template":"","meta":{"_acf_changed":false},"product_brand":[2422],"product_cat":[228,344,226,343],"product_tag":[369],"class_list":{"0":"post-6354","1":"product","2":"type-product","3":"status-publish","4":"has-post-thumbnail","6":"product_brand-diamant-alb","7":"product_cat-articole-pescuit","8":"product_cat-lansete-spinning","9":"product_cat-magazin-pescuit","10":"product_cat-pescuit-la-rapitor","11":"product_tag-spinning","13":"first","14":"instock","15":"sale","16":"shipping-taxable","17":"purchasable","18":"product-type-variable"},"acf":[],"_links":{"self":[{"href":"https:\/\/hassting.ro\/hu\/wp-json\/wp\/v2\/product\/6354","targetHints":{"allow":["GET"]}}],"collection":[{"href":"https:\/\/hassting.ro\/hu\/wp-json\/wp\/v2\/product"}],"about":[{"href":"https:\/\/hassting.ro\/hu\/wp-json\/wp\/v2\/types\/product"}],"replies":[{"embeddable":true,"href":"https:\/\/hassting.ro\/hu\/wp-json\/wp\/v2\/comments?post=6354"}],"version-history":[{"count":0,"href":"https:\/\/hassting.ro\/hu\/wp-json\/wp\/v2\/product\/6354\/revisions"}],"wp:featuredmedia":[{"embeddable":true,"href":"https:\/\/hassting.ro\/hu\/wp-json\/wp\/v2\/media\/6359"}],"wp:attachment":[{"href":"https:\/\/hassting.ro\/hu\/wp-json\/wp\/v2\/media?parent=6354"}],"wp:term":[{"taxonomy":"product_brand","embeddable":true,"href":"https:\/\/hassting.ro\/hu\/wp-json\/wp\/v2\/product_brand?post=6354"},{"taxonomy":"product_cat","embeddable":true,"href":"https:\/\/hassting.ro\/hu\/wp-json\/wp\/v2\/product_cat?post=6354"},{"taxonomy":"product_tag","embeddable":true,"href":"https:\/\/hassting.ro\/hu\/wp-json\/wp\/v2\/product_tag?post=6354"}],"curies":[{"name":"wp","href":"https:\/\/api.w.org\/{rel}","templated":true}]}}