{"id":6216,"date":"2021-07-28T21:53:08","date_gmt":"2021-07-28T19:53:08","guid":{"rendered":"https:\/\/hassting.ro\/?post_type=product&#038;p=6216"},"modified":"2025-11-03T17:41:45","modified_gmt":"2025-11-03T14:41:45","slug":"mulineta-yu4000","status":"publish","type":"product","link":"https:\/\/hassting.ro\/hu\/magazin\/mulineta-yu4000\/","title":{"rendered":"YU4000 adagol\u00f3tekercs"},"content":{"rendered":"<p><a href=\"https:\/\/diamantalb.ro\/product\/mulinete-yu4000\/\">Reel<\/a> adagol\u00f3 YU4000<\/p>\n<table>\n<tbody>\n<tr>\n<td>SERIA<\/td>\n<td>YU<\/td>\n<\/tr>\n<tr>\n<td>MODELL<\/td>\n<td>4000<\/td>\n<\/tr>\n<tr>\n<td>DOBKAPACIT\u00c1S<\/td>\n<td>MM\/M 0,25 - 190<\/td>\n<\/tr>\n<tr>\n<td><\/td>\n<td>MM\/M 0,30 - 150<\/td>\n<\/tr>\n<tr>\n<td><\/td>\n<td>MM\/M 0.35 - 90<\/td>\n<\/tr>\n<tr>\n<td>Bait Runner<\/td>\n<td>Igen<\/td>\n<\/tr>\n<tr>\n<td>SEBESS\u00c9GAR\u00c1NY<\/td>\n<td>5.1:1<\/td>\n<\/tr>\n<tr>\n<td>CSAP\u00c1GYAK SZ\u00c1MA<\/td>\n<td>9 + 1<\/td>\n<\/tr>\n<tr>\n<td>FRANA<\/td>\n<td>VISSZA, KURZ\u00cdV, FINOM \u00c1LL\u00cdTHAT\u00d3<\/td>\n<\/tr>\n<tr>\n<td>FRANA BUTTON<\/td>\n<td>PPS (POLIFENIL\u00c9N-SZULFID)<\/td>\n<\/tr>\n<tr>\n<td>TAMBUR<\/td>\n<td>1 HIDEGEN KOV\u00c1CSOLT ALUM\u00cdNIUM\u00d6TV\u00d6ZET<\/td>\n<\/tr>\n<tr>\n<td><\/td>\n<td>1 grafit<\/td>\n<\/tr>\n<tr>\n<td>CORP<\/td>\n<td>1 HIDEGEN KOV\u00c1CSOLT ALUM\u00cdNIUM\u00d6TV\u00d6ZET<\/td>\n<\/tr>\n<tr>\n<td>KER\u00c9K<\/td>\n<td>CNC MEGMUNK\u00c1LT ALUM\u00cdNIUM\u00d6TV\u00d6ZET CSER\u00c9LHET\u0150 BAL\/JOBB OLDALI<\/td>\n<\/tr>\n<tr>\n<td>RENDSZER<\/td>\n<td>LENG\u00c9SSZAB\u00c1LYOZ\u00c1S: HOSSZ\u00da DOBOTT ORS\u00d3<\/td>\n<\/tr>\n<tr>\n<td><\/td>\n<td>MIKRO-BE\u00c1LL\u00cdT\u00c1S\u00da H\u00daZ\u00c1S<\/td>\n<\/tr>\n<tr>\n<td><\/td>\n<td>MAGAS MULTI-STOP PONT<\/td>\n<\/tr>\n<tr>\n<td><\/td>\n<td>S-STROKE<\/td>\n<\/tr>\n<tr>\n<td><\/td>\n<td>POWER ROLLER<\/td>\n<\/tr>\n<tr>\n<td>MAX DRAG<\/td>\n<td>12 KGF<\/td>\n<\/tr>\n<\/tbody>\n<\/table>\n<p>M\u00e1s ors\u00f3k ebben az oszt\u00e1lyban:\u00a0<a href=\"https:\/\/hassting.ro\/produs\/mulineta-yu3000\/\">YU3000 ors\u00f3<\/a><\/p>\n<p>Term\u00e9k: <a href=\"http:\/\/www.diamantalb.ro\">Feh\u00e9r gy\u00e9m\u00e1nt.<\/a><\/p>","protected":false},"excerpt":{"rendered":"<p>Feeder ors\u00f3 YU4000 SZERIA YU MODELL 4000 KAPACIT\u00c1S T\u00c1RCSA MM\/M 0,25 - 190 MM\/M 0,30 - 150 MM\/M 0,35 - 90 Bait Runner Da \u00c1T\u00c1LL\u00cdT\u00c1SI AR\u00c1NY 5.1:1 OROSZL\u00d3K SZ\u00c1MA<\/p>","protected":false},"featured_media":6215,"comment_status":"open","ping_status":"closed","template":"","meta":{"_acf_changed":false},"product_brand":[2422],"product_cat":[228,226,358,341],"product_tag":[268,377,239,234,354,275,348,369],"class_list":{"0":"post-6216","1":"product","2":"type-product","3":"status-publish","4":"has-post-thumbnail","6":"product_brand-diamant-alb","7":"product_cat-articole-pescuit","8":"product_cat-magazin-pescuit","9":"product_cat-mulinete-lansete-feeder","10":"product_cat-pescuit-la-feeder-articole-pescuit","11":"product_tag-guta","12":"product_tag-lanseta-bologneza","13":"product_tag-mulineta","14":"product_tag-pescuit","15":"product_tag-pescuit-la-somn","16":"product_tag-plantat","17":"product_tag-rapitor","18":"product_tag-spinning","20":"first","21":"instock","22":"sale","23":"shipping-taxable","24":"purchasable","25":"product-type-simple"},"acf":[],"_links":{"self":[{"href":"https:\/\/hassting.ro\/hu\/wp-json\/wp\/v2\/product\/6216","targetHints":{"allow":["GET"]}}],"collection":[{"href":"https:\/\/hassting.ro\/hu\/wp-json\/wp\/v2\/product"}],"about":[{"href":"https:\/\/hassting.ro\/hu\/wp-json\/wp\/v2\/types\/product"}],"replies":[{"embeddable":true,"href":"https:\/\/hassting.ro\/hu\/wp-json\/wp\/v2\/comments?post=6216"}],"version-history":[{"count":0,"href":"https:\/\/hassting.ro\/hu\/wp-json\/wp\/v2\/product\/6216\/revisions"}],"wp:featuredmedia":[{"embeddable":true,"href":"https:\/\/hassting.ro\/hu\/wp-json\/wp\/v2\/media\/6215"}],"wp:attachment":[{"href":"https:\/\/hassting.ro\/hu\/wp-json\/wp\/v2\/media?parent=6216"}],"wp:term":[{"taxonomy":"product_brand","embeddable":true,"href":"https:\/\/hassting.ro\/hu\/wp-json\/wp\/v2\/product_brand?post=6216"},{"taxonomy":"product_cat","embeddable":true,"href":"https:\/\/hassting.ro\/hu\/wp-json\/wp\/v2\/product_cat?post=6216"},{"taxonomy":"product_tag","embeddable":true,"href":"https:\/\/hassting.ro\/hu\/wp-json\/wp\/v2\/product_tag?post=6216"}],"curies":[{"name":"wp","href":"https:\/\/api.w.org\/{rel}","templated":true}]}}