{"id":6146,"date":"2021-07-14T22:19:13","date_gmt":"2021-07-14T20:19:13","guid":{"rendered":"https:\/\/hassting.ro\/?post_type=product&#038;p=6146"},"modified":"2025-11-03T17:41:45","modified_gmt":"2025-11-03T14:41:45","slug":"mulineta-cy-70","status":"publish","type":"product","link":"https:\/\/hassting.ro\/hu\/magazin\/mulineta-cy-70\/","title":{"rendered":"CY-70 tekercs"},"content":{"rendered":"<p><strong><a href=\"https:\/\/diamantalb.ro\/product\/mulinete-cy70\/\">Reel<\/a> CY-70 4 csap\u00e1ggyal \u00e9s h\u00e1ts\u00f3 f\u00e9kkel.<\/strong><\/p>\n<p><strong>Ez az ors\u00f3oszt\u00e1ly a k\u00f6vetkez\u0151 jellemz\u0151kkel rendelkezik:<\/strong><\/p>\n<table>\n<tbody>\n<tr>\n<td>SERIA<\/td>\n<td>CY<\/td>\n<\/tr>\n<tr>\n<td>MODELL<\/td>\n<td>70<\/td>\n<\/tr>\n<tr>\n<td>DOBKAPACIT\u00c1S<\/td>\n<td>MM\/M 0,40 - 395<\/td>\n<\/tr>\n<tr>\n<td><\/td>\n<td>MM\/M 0,50 - 250<\/td>\n<\/tr>\n<tr>\n<td><\/td>\n<td>MM\/M 0,60 - 175<\/td>\n<\/tr>\n<tr>\n<td>Bait Runner<\/td>\n<td>Nem<\/td>\n<\/tr>\n<tr>\n<td>SEBESS\u00c9GAR\u00c1NY<\/td>\n<td>4.1:1<\/td>\n<\/tr>\n<tr>\n<td>CSAP\u00c1GYAK SZ\u00c1MA<\/td>\n<td>4<\/td>\n<\/tr>\n<tr>\n<td>FRANA<\/td>\n<td>VISSZA, KURZ\u00cdV, FINOM \u00c1LL\u00cdTHAT\u00d3<\/td>\n<\/tr>\n<tr>\n<td>FRANA BUTTON<\/td>\n<td>PPS (POLIFENIL\u00c9N-SZULFID)<\/td>\n<\/tr>\n<tr>\n<td>TAMBUR<\/td>\n<td>1 HIDEGEN KOV\u00c1CSOLT ALUM\u00cdNIUM\u00d6TV\u00d6ZET<\/td>\n<\/tr>\n<tr>\n<td><\/td>\n<td>1 grafit<\/td>\n<\/tr>\n<tr>\n<td>CORP<\/td>\n<td>1 HIDEGEN KOV\u00c1CSOLT ALUM\u00cdNIUM\u00d6TV\u00d6ZET<\/td>\n<\/tr>\n<tr>\n<td>KER\u00c9K<\/td>\n<td>CNC MEGMUNK\u00c1LT ALUM\u00cdNIUM\u00d6TV\u00d6ZET CSER\u00c9LHET\u0150 BAL\/JOBB OLDALI<\/td>\n<\/tr>\n<tr>\n<td>RENDSZER<\/td>\n<td>LENG\u00c9SSZAB\u00c1LYOZ\u00c1S: HOSSZ\u00da DOBOTT ORS\u00d3<\/td>\n<\/tr>\n<tr>\n<td><\/td>\n<td>MIKRO-BE\u00c1LL\u00cdT\u00c1S\u00da H\u00daZ\u00c1S<\/td>\n<\/tr>\n<tr>\n<td><\/td>\n<td>MAGAS MULTI-STOP PONT<\/td>\n<\/tr>\n<tr>\n<td><\/td>\n<td>S-STROKE<\/td>\n<\/tr>\n<tr>\n<td><\/td>\n<td>POWER ROLLER<\/td>\n<\/tr>\n<\/tbody>\n<\/table>\n<p>Egy\u00e9b term\u00e9kek ebben a csal\u00e1dban :<a href=\"https:\/\/hassting.ro\/produs\/mulineta-cy-80\/\">CY-80 tekercs<\/a><\/p>","protected":false},"excerpt":{"rendered":"<p>4 csap\u00e1gyak<\/p>","protected":false},"featured_media":6147,"comment_status":"open","ping_status":"closed","template":"","meta":{"_acf_changed":false},"product_brand":[2422],"product_cat":[226,351,349],"product_tag":[376,268,377,295,239,234,354,275,348,255,352,369],"class_list":{"0":"post-6146","1":"product","2":"type-product","3":"status-publish","4":"has-post-thumbnail","6":"product_brand-diamant-alb","7":"product_cat-magazin-pescuit","8":"product_cat-mulinete-somn","9":"product_cat-pescuit-la-somn","10":"product_tag-bologneza","11":"product_tag-guta","12":"product_tag-lanseta-bologneza","13":"product_tag-momeli","14":"product_tag-mulineta","15":"product_tag-pescuit","16":"product_tag-pescuit-la-somn","17":"product_tag-plantat","18":"product_tag-rapitor","19":"product_tag-senzori","20":"product_tag-somn","21":"product_tag-spinning","23":"first","24":"outofstock","25":"sale","26":"shipping-taxable","27":"purchasable","28":"product-type-simple"},"acf":[],"_links":{"self":[{"href":"https:\/\/hassting.ro\/hu\/wp-json\/wp\/v2\/product\/6146","targetHints":{"allow":["GET"]}}],"collection":[{"href":"https:\/\/hassting.ro\/hu\/wp-json\/wp\/v2\/product"}],"about":[{"href":"https:\/\/hassting.ro\/hu\/wp-json\/wp\/v2\/types\/product"}],"replies":[{"embeddable":true,"href":"https:\/\/hassting.ro\/hu\/wp-json\/wp\/v2\/comments?post=6146"}],"version-history":[{"count":0,"href":"https:\/\/hassting.ro\/hu\/wp-json\/wp\/v2\/product\/6146\/revisions"}],"wp:featuredmedia":[{"embeddable":true,"href":"https:\/\/hassting.ro\/hu\/wp-json\/wp\/v2\/media\/6147"}],"wp:attachment":[{"href":"https:\/\/hassting.ro\/hu\/wp-json\/wp\/v2\/media?parent=6146"}],"wp:term":[{"taxonomy":"product_brand","embeddable":true,"href":"https:\/\/hassting.ro\/hu\/wp-json\/wp\/v2\/product_brand?post=6146"},{"taxonomy":"product_cat","embeddable":true,"href":"https:\/\/hassting.ro\/hu\/wp-json\/wp\/v2\/product_cat?post=6146"},{"taxonomy":"product_tag","embeddable":true,"href":"https:\/\/hassting.ro\/hu\/wp-json\/wp\/v2\/product_tag?post=6146"}],"curies":[{"name":"wp","href":"https:\/\/api.w.org\/{rel}","templated":true}]}}