{"id":5515,"date":"2020-10-25T10:26:28","date_gmt":"2020-10-25T08:26:28","guid":{"rendered":"https:\/\/hassting.ro\/?post_type=product&#038;p=5515"},"modified":"2025-11-03T17:48:58","modified_gmt":"2025-11-03T14:48:58","slug":"set-pescuit-8-cu-lansete-mulinete-senzori-juvelnic-minciog","status":"publish","type":"product","link":"https:\/\/hassting.ro\/hu\/magazin\/set-pescuit-8-cu-lansete-mulinete-senzori-juvelnic-minciog\/","title":{"rendered":"8-as horg\u00e1szk\u00e9szlet botokkal, ors\u00f3kkal, figyelmeztet\u0151 eszk\u00f6z\u00f6kkel, s\u00fcll\u0151kkel, apr\u00f3halakkal"},"content":{"rendered":"<p><em><strong>8-as horg\u00e1szk\u00e9szlet, amely 2 db \u00f6sszetett teleszk\u00f3pos teleszk\u00f3pos szigonypusk\u00e1b\u00f3l \u00e1ll.<\/strong><\/em><\/p>\n<p>Ez a k\u00e9szlet 2 t\u00e1rcs\u00e1t tartalmaz <a href=\"https:\/\/diamantalb.ro\/product\/mulinete-lc140\/\">LC140<\/a> 1 csap\u00e1ggyal, h\u00e1ts\u00f3 f\u00e9kkel \u00e9s 0,30-as vastags\u00e1g\u00fa ereszcsatorn\u00e1val, el\u0151re felszerelve a dobra.<\/p>\n<p>A teleszk\u00f3pos l\u00e1ndzs\u00e1k 3 m hossz\u00faak \u00e9s a k\u00f6nny\u0171 sz\u00e1ll\u00edt\u00e1s \u00e9rdek\u00e9ben \u00f6sszecsukhat\u00f3k.<\/p>\n<p>A k\u00e9szlet 2 darab CRAPRO vagy White Diamond gy\u00e1rtm\u00e1ny\u00fa TLI01 \u00e9rz\u00e9kel\u0151t tartalmaz.<\/p>\n<p>A k\u00e9sz\u00fcl\u00e9k 2 \u00e9rz\u00e9kel\u0151r\u00faddal \u00e9s 2 l\u00e1mpaford\u00edt\u00f3val is rendelkezik.<\/p>\n<p>Az \u00e9rz\u00e9kel\u0151k l\u00e1that\u00f3s\u00e1ga is nagyon j\u00f3, nagyon f\u00e9nyes jelz\u0151 LED-ekkel \u00e9s automatikus \u00e9jszakai vil\u00e1g\u00edt\u00e1ssal.<\/p>\n<p>Nagyon j\u00f3 akusztik\u00e1val is rendelkezik, a hangmagass\u00e1g \u00e9s a hanger\u0151 be\u00e1ll\u00edt\u00e1s\u00e1nak lehet\u0151s\u00e9g\u00e9vel.<\/p>\n<p>Az \u00e9jszakai horg\u00e1szathoz a f\u00e9nyhint\u00e1k k\u00f6zvetlen\u00fcl az \u00e9rz\u00e9kel\u0151kh\u00f6z csatlakoztathat\u00f3k.<\/p>\n<p>A mozg\u00e1s\u00e9rz\u00e9kel\u00e9s f\u00e9nysoromp\u00f3val t\u00f6rt\u00e9nik a maxim\u00e1lis pontoss\u00e1g \u00e9rdek\u00e9ben.<\/p>\n<p>Az \u00e9rz\u00e9kel\u0151k \u00e1ramell\u00e1t\u00e1sa 2 LR1 elemmel t\u00f6rt\u00e9nik, amelyek kiv\u00e1l\u00f3 auton\u00f3mi\u00e1t biztos\u00edtanak.<\/p>\n<p>&nbsp;<\/p>\n<p>Az els\u0151\/h\u00e1ts\u00f3 r\u00fadtart\u00f3k magass\u00e1ga \u00e1ll\u00edthat\u00f3.<\/p>\n<p>A k\u00e9szlethez tartoz\u00f3 vill\u00e1kat az alapoz\u00e1shoz haszn\u00e1lj\u00e1k.<\/p>\n<p>Az 5 v\u00e1ly\u00fas kreol 110 cm hossz\u00fa \/ 50 cm \u00e1tm\u00e9r\u0151j\u0171 \u00fasz\u00f3kkal van felszerelve, \u00e9s a fog\u00e1sok biztons\u00e1gos t\u00e1rol\u00e1s\u00e1ra szolg\u00e1l.<\/p>\n<p>A hossz\u00fa t\u00e1v\u00fa \u00fasz\u00e1shoz haszn\u00e1lhatja a csalirak\u00e9t\u00e1t, amely a v\u00edzzel val\u00f3 \u00e9rintkez\u00e9skor automatikusan kiold\u00f3dik.<\/p>\n<p>Teleszk\u00f3pos minirakod\u00f3 2 r\u00e9szb\u0151l \u00e1ll\u00f3, hossza 1840 mm, nett\u00f3 sz\u00e9less\u00e9ge 500 mm.<\/p>\n<p>Biztos\u00edtja a nagyobb fog\u00e1sok biztons\u00e1gos partra sz\u00e1ll\u00edt\u00e1s\u00e1t.<\/p>\n<p>A horg\u00e1szk\u00e9szlettel azonos kateg\u00f3ri\u00e1ba tartoz\u00f3 term\u00e9kek 8 kateg\u00f3ria: <a href=\"https:\/\/hassting.ro\/produs\/set-pescuit-12-cu-lansete-mulinete-senzori-minciog-juvelnic\/\">12-es horg\u00e1szk\u00e9szlet botokkal, ors\u00f3kkal, kieg\u00e9sz\u00edt\u0151kkel.<\/a><\/p>","protected":false},"excerpt":{"rendered":"<p>Set pescuit 8 format din 2 lansete telescopice din material compozit. Acest set vine insotit de 2 mulinete LC140 cu 1 rulment, frana pe spate si guta cu grosimea 0.30<\/p>","protected":false},"featured_media":5657,"comment_status":"open","ping_status":"closed","template":"","meta":{"_acf_changed":false},"product_brand":[2470],"product_cat":[226,227],"product_tag":[239,234,255,235],"class_list":{"0":"post-5515","1":"product","2":"type-product","3":"status-publish","4":"has-post-thumbnail","6":"product_brand-hassting-oem","7":"product_cat-magazin-pescuit","8":"product_cat-seturi-de-pescuit","9":"product_tag-mulineta","10":"product_tag-pescuit","11":"product_tag-senzori","12":"product_tag-set","14":"first","15":"instock","16":"sale","17":"shipping-taxable","18":"purchasable","19":"product-type-simple"},"acf":[],"_links":{"self":[{"href":"https:\/\/hassting.ro\/hu\/wp-json\/wp\/v2\/product\/5515","targetHints":{"allow":["GET"]}}],"collection":[{"href":"https:\/\/hassting.ro\/hu\/wp-json\/wp\/v2\/product"}],"about":[{"href":"https:\/\/hassting.ro\/hu\/wp-json\/wp\/v2\/types\/product"}],"replies":[{"embeddable":true,"href":"https:\/\/hassting.ro\/hu\/wp-json\/wp\/v2\/comments?post=5515"}],"version-history":[{"count":0,"href":"https:\/\/hassting.ro\/hu\/wp-json\/wp\/v2\/product\/5515\/revisions"}],"wp:featuredmedia":[{"embeddable":true,"href":"https:\/\/hassting.ro\/hu\/wp-json\/wp\/v2\/media\/5657"}],"wp:attachment":[{"href":"https:\/\/hassting.ro\/hu\/wp-json\/wp\/v2\/media?parent=5515"}],"wp:term":[{"taxonomy":"product_brand","embeddable":true,"href":"https:\/\/hassting.ro\/hu\/wp-json\/wp\/v2\/product_brand?post=5515"},{"taxonomy":"product_cat","embeddable":true,"href":"https:\/\/hassting.ro\/hu\/wp-json\/wp\/v2\/product_cat?post=5515"},{"taxonomy":"product_tag","embeddable":true,"href":"https:\/\/hassting.ro\/hu\/wp-json\/wp\/v2\/product_tag?post=5515"}],"curies":[{"name":"wp","href":"https:\/\/api.w.org\/{rel}","templated":true}]}}