{"id":5278,"date":"2020-10-23T10:21:30","date_gmt":"2020-10-23T08:21:30","guid":{"rendered":"https:\/\/hassting.ro\/?post_type=product&#038;p=5278"},"modified":"2025-11-03T17:41:45","modified_gmt":"2025-11-03T14:41:45","slug":"set-2-lansete-carbon-diamant-alb","status":"publish","type":"product","link":"https:\/\/hassting.ro\/hu\/magazin\/set-2-lansete-carbon-diamant-alb\/","title":{"rendered":"2 db Carbon Diamond White \u00e9s Mermaid ereszcsatorna horg\u00e1szbot k\u00e9szlet"},"content":{"rendered":"<h2><strong><em>Horg\u00e1szk\u00e9szlet 2 horg\u00e1szbotokkal<\/em><\/strong><\/h2>\n<h3><strong><em>A l\u00e1ndzs\u00e1k jellemz\u0151i:<\/em><\/strong><\/h3>\n<p><strong><em><img decoding=\"async\" src=\"https:\/\/diamantalb.ro\/wp-content\/uploads\/2020\/07\/Diamant-ALB-232-scaled.jpg\" alt=\"\" data-cke-saved-src=\"https:\/\/diamantalb.ro\/wp-content\/uploads\/2020\/07\/Diamant-ALB-232-scaled.jpg\" \/><\/em><\/strong><\/p>\n<p><strong><em>&#8211;\u00a0<\/em><\/strong>anyag: sz\u00e9n 100%<\/p>\n<p>- 3 r\u00e9szb\u0151l \u00e1ll<\/p>\n<p>-hossza 3,6 m<\/p>\n<h3><strong><em>Tekercs:<\/em><\/strong><\/h3>\n<p><strong><em><img decoding=\"async\" src=\"https:\/\/diamantalb.ro\/wp-content\/uploads\/2020\/07\/Mulineta-KT-5000A-4-Rulmenti-1-scaled.jpg\" alt=\"\" data-cke-saved-src=\"https:\/\/diamantalb.ro\/wp-content\/uploads\/2020\/07\/Mulineta-KT-5000A-4-Rulmenti-1-scaled.jpg\" \/><\/em><\/strong><\/p>\n<p><em>A KT5000A ors\u00f3 9 csap\u00e1gyas rendszerrel \u00e9s a k\u00f6vetkez\u0151 jellemz\u0151kkel rendelkezik:<\/em><\/p>\n<p>- Alum\u00ednium dob<\/p>\n<p>- Tartal\u00e9k grafitdob<\/p>\n<p>- Bait Runner rendszer<\/p>\n<p>- Cser\u00e9lhet\u0151 foganty\u00fa jobbra\/balra<\/p>\n<p>- Alum\u00ednium \u00f6sszecsukhat\u00f3 foganty\u00fa<\/p>\n<p>- Forgat\u00e1si ir\u00e1nyv\u00e1lt\u00f3 foganty\u00fa<\/p>\n<p><em>2 db 0,3 mm vastags\u00e1g\u00fa, 300 m hossz\u00fa, legfeljebb 17 kg megengedett t\u00f6meg\u0171 b\u00e9lb\u00e9lb\u0151l k\u00e9sz\u00fclt ors\u00f3.<\/em><\/p>\n<p><em>2 db pontyhorg\u00e1sz szerel\u00e9k 2 horoggal (s\u00fcllyed\u0151, csali, pumpa, hossz\u00fa bot, 20 g-os bels\u0151 \u00f3lom).<\/em><\/p>","protected":false},"excerpt":{"rendered":"<p>Set de pescuit cu 2\u00a0lansete Caracteristici lansete: &#8211;\u00a0material: carbon 100% &#8211; realizate\u00a0din 3 tronsoane -lungime 3.6 m Mulinete: Mulineta KT5000A\u00a0are un sitem de 9 rulmenti si urmatoarele caracteristici: \u2013 Tambur<\/p>","protected":false},"featured_media":5485,"comment_status":"open","ping_status":"closed","template":"","meta":{"_acf_changed":false},"product_brand":[2470],"product_cat":[226,227],"product_tag":[234,255,235],"class_list":{"0":"post-5278","1":"product","2":"type-product","3":"status-publish","4":"has-post-thumbnail","6":"product_brand-hassting-oem","7":"product_cat-magazin-pescuit","8":"product_cat-seturi-de-pescuit","9":"product_tag-pescuit","10":"product_tag-senzori","11":"product_tag-set","13":"first","14":"outofstock","15":"sale","16":"shipping-taxable","17":"purchasable","18":"product-type-simple"},"acf":[],"_links":{"self":[{"href":"https:\/\/hassting.ro\/hu\/wp-json\/wp\/v2\/product\/5278","targetHints":{"allow":["GET"]}}],"collection":[{"href":"https:\/\/hassting.ro\/hu\/wp-json\/wp\/v2\/product"}],"about":[{"href":"https:\/\/hassting.ro\/hu\/wp-json\/wp\/v2\/types\/product"}],"replies":[{"embeddable":true,"href":"https:\/\/hassting.ro\/hu\/wp-json\/wp\/v2\/comments?post=5278"}],"version-history":[{"count":0,"href":"https:\/\/hassting.ro\/hu\/wp-json\/wp\/v2\/product\/5278\/revisions"}],"wp:featuredmedia":[{"embeddable":true,"href":"https:\/\/hassting.ro\/hu\/wp-json\/wp\/v2\/media\/5485"}],"wp:attachment":[{"href":"https:\/\/hassting.ro\/hu\/wp-json\/wp\/v2\/media?parent=5278"}],"wp:term":[{"taxonomy":"product_brand","embeddable":true,"href":"https:\/\/hassting.ro\/hu\/wp-json\/wp\/v2\/product_brand?post=5278"},{"taxonomy":"product_cat","embeddable":true,"href":"https:\/\/hassting.ro\/hu\/wp-json\/wp\/v2\/product_cat?post=5278"},{"taxonomy":"product_tag","embeddable":true,"href":"https:\/\/hassting.ro\/hu\/wp-json\/wp\/v2\/product_tag?post=5278"}],"curies":[{"name":"wp","href":"https:\/\/api.w.org\/{rel}","templated":true}]}}