{"id":41930,"date":"2023-02-26T16:14:24","date_gmt":"2023-02-26T13:14:24","guid":{"rendered":"https:\/\/hassting.ro\/?post_type=product&#038;p=41930"},"modified":"2025-11-03T17:41:45","modified_gmt":"2025-11-03T14:41:45","slug":"mulineta-fsl-4000","status":"publish","type":"product","link":"https:\/\/hassting.ro\/hu\/magazin\/mulineta-fsl-4000\/","title":{"rendered":"Ors\u00f3 FSL 4000"},"content":{"rendered":"<p>Az FSL 4000 ors\u00f3 a White Diamond \u00faj ors\u00f3csal\u00e1dj\u00e1nak, a Sirena sorozatnak a r\u00e9sze.<\/p>\n<p>Jellemz\u0151k<\/p>\n<p>-A csap\u00e1gyak sz\u00e1ma 9+1<br \/>\n-ar\u00e1nyos helyre\u00e1ll\u00edt\u00e1s 5.2:1<br \/>\n-Frana fata<br \/>\n-Mikrometrikus karima<br \/>\n-V\u00e9gtelen anti-reverz rendszer<br \/>\n-F\u00e9mdob 4000<br \/>\n-Tekercskapacit\u00e1s 0.30mm-224m<br \/>\n0.35mm-165m<br \/>\n0.40mm-128m<br \/>\n-Grafit tartal\u00e9k dob<\/p>\n<p>Term\u00e9k: <a href=\"http:\/\/www.diamantalb.ro\">Feh\u00e9r gy\u00e9m\u00e1nt.<\/a><\/p>\n<p>L\u00e1sd m\u00e9g:\u00a0<a href=\"https:\/\/hassting.ro\/produs\/mulineta-cyrm-4000\/\">Tekercs CYRM 4000<\/a><\/p>","protected":false},"excerpt":{"rendered":"<p>9+1 csap\u00e1gy<\/p>","protected":false},"featured_media":42159,"comment_status":"open","ping_status":"closed","template":"","meta":{"_acf_changed":false},"product_brand":[2422],"product_cat":[226,357,345],"product_tag":[],"class_list":{"0":"post-41930","1":"product","2":"type-product","3":"status-publish","4":"has-post-thumbnail","6":"product_brand-diamant-alb","7":"product_cat-magazin-pescuit","8":"product_cat-mulinete-pescuit-la-crap","9":"product_cat-mulinete-spinning","11":"first","12":"instock","13":"sale","14":"shipping-taxable","15":"purchasable","16":"product-type-simple"},"acf":[],"_links":{"self":[{"href":"https:\/\/hassting.ro\/hu\/wp-json\/wp\/v2\/product\/41930","targetHints":{"allow":["GET"]}}],"collection":[{"href":"https:\/\/hassting.ro\/hu\/wp-json\/wp\/v2\/product"}],"about":[{"href":"https:\/\/hassting.ro\/hu\/wp-json\/wp\/v2\/types\/product"}],"replies":[{"embeddable":true,"href":"https:\/\/hassting.ro\/hu\/wp-json\/wp\/v2\/comments?post=41930"}],"version-history":[{"count":0,"href":"https:\/\/hassting.ro\/hu\/wp-json\/wp\/v2\/product\/41930\/revisions"}],"wp:featuredmedia":[{"embeddable":true,"href":"https:\/\/hassting.ro\/hu\/wp-json\/wp\/v2\/media\/42159"}],"wp:attachment":[{"href":"https:\/\/hassting.ro\/hu\/wp-json\/wp\/v2\/media?parent=41930"}],"wp:term":[{"taxonomy":"product_brand","embeddable":true,"href":"https:\/\/hassting.ro\/hu\/wp-json\/wp\/v2\/product_brand?post=41930"},{"taxonomy":"product_cat","embeddable":true,"href":"https:\/\/hassting.ro\/hu\/wp-json\/wp\/v2\/product_cat?post=41930"},{"taxonomy":"product_tag","embeddable":true,"href":"https:\/\/hassting.ro\/hu\/wp-json\/wp\/v2\/product_tag?post=41930"}],"curies":[{"name":"wp","href":"https:\/\/api.w.org\/{rel}","templated":true}]}}