{"id":5821,"date":"2021-04-17T10:22:11","date_gmt":"2021-04-17T10:22:11","guid":{"rendered":"https:\/\/hassting.ro\/?page_id=5821"},"modified":"2021-04-17T10:48:37","modified_gmt":"2021-04-17T10:48:37","slug":"trimitere-retur","status":"publish","type":"page","link":"https:\/\/hassting.ro\/hu\/trimitere-retur\/","title":{"rendered":"K\u00fcld\u00e9s\/visszat\u00e9r\u00e9s"},"content":{"rendered":"<div class=\"vc_row wpb_row vc_row-fluid\"><div class=\"wpb_column vc_column_container vc_col-sm-12\"><div class=\"vc_column-inner\"><div class=\"wpb_wrapper\">\n\t<div class=\"wpb_text_column wpb_content_element  wpb_animate_when_almost_visible wpb_fadeIn fadeIn\" >\n\t\t<div class=\"wpb_wrapper\">\n\t\t\t<h2><strong><em>A term\u00e9kek sz\u00e1ll\u00edt\u00e1sa<\/em><\/strong><\/h2>\n<p>A term\u00e9keket a megrendel\u00e9s be\u00e9rkez\u00e9s\u00e9t k\u00f6vet\u0151 2-3 munkanapon bel\u00fcl sz\u00e1ll\u00edtjuk. A term\u00e9keket k\u00fcld\u00e9s el\u0151tt egyenk\u00e9nt ellen\u0151rzik.<\/p>\n<p>Minden megrendel\u00e9s csomagolva \u00e9s j\u00f3l v\u00e9dve van a sz\u00e1ll\u00edt\u00e1shoz. A term\u00e9kek rossz kezel\u00e9se \u00e9s a fut\u00e1r \u00e1ltal okozott s\u00e9r\u00fcl\u00e9se eset\u00e9n a HASSTING CONCEPT S.R.L. nem v\u00e1llal felel\u0151ss\u00e9get a term\u00e9kek cser\u00e9j\u00e9\u00e9rt.<\/p>\n<h2><strong><em>Term\u00e9kvisszat\u00e9r\u00edt\u00e9s<\/em><\/strong><\/h2>\n<p>Az uni\u00f3s jog \u00e9rtelm\u00e9ben, ha az \u00d6n \u00e1ltal megv\u00e1s\u00e1rolt term\u00e9k hib\u00e1s vagy nem a le\u00edr\u00e1snak megfelel\u0151,\u00a0<strong>a keresked\u0151nek ki kell jav\u00edtania, ki kell cser\u00e9lnie, cs\u00f6kkentenie kell az \u00e1rat, vagy vissza kell adnia a p\u00e9nz\u00e9t.<\/strong>.<\/p>\n<p>Ha v\u00e1s\u00e1rolt egy\u00a0<strong>term\u00e9k vagy szolg\u00e1ltat\u00e1s online vagy az \u00fczletbe val\u00f3 eljut\u00e1s n\u00e9lk\u00fcl<\/strong>\u00a0(telefonon, postai \u00faton, utaz\u00e1si irod\u00e1t\u00f3l), \u00d6nnek is joga van 14 napon bel\u00fcl b\u00e1rmilyen okb\u00f3l \u00e9s indokl\u00e1s n\u00e9lk\u00fcl lemondani \u00e9s visszak\u00fcldeni a megrendel\u00e9s\u00e9t.<\/p>\n<p>A visszak\u00fcld\u00f6tt term\u00e9keknek az eredeti csomagol\u00e1sban kell lenni\u00fck, \u00e9s nem szabad rajtuk a haszn\u00e1lat nyomait mutatni, ellenkez\u0151 esetben a term\u00e9k eredeti \u00e9rt\u00e9k\u00e9nek vissza\u00e1ll\u00edt\u00e1s\u00e1\u00e9rt tov\u00e1bbi d\u00edjat sz\u00e1m\u00edthatunk fel.<\/p>\n<p>A visszak\u00fcld\u00e9st csak el\u0151zetes \u00e9rtes\u00edt\u00e9ssel vagy a visszak\u00fcld\u00e9si \u0171rlap kit\u00f6lt\u00e9s\u00e9vel lehet megtenni, ellenkez\u0151 esetben a visszak\u00fcld\u00e9st elutas\u00edtjuk.<\/p>\n<p>A visszak\u00fcld\u00e9s k\u00f6lts\u00e9geit a fogyaszt\u00f3 viseli, csak akkor, ha a term\u00e9k nem felel meg a param\u00e9tereknek, a kisz\u00e1ll\u00edt\u00e1s k\u00f6lts\u00e9geit a HASSTING CONCEPT S.R.L. viseli.<\/p>\n<p>A term\u00e9keket a megrendel\u00e9s t\u00f6rl\u00e9si k\u00e9relm\u00e9nek k\u00e9zhezv\u00e9tel\u00e9t\u0151l sz\u00e1m\u00edtott 14 napon bel\u00fcl visszat\u00e9r\u00edtj\u00fck. A visszat\u00e9r\u00edt\u00e9s k\u00e9shet, ha az \u00e1rut nem kapta vissza, vagy legal\u00e1bb a felad\u00e1sr\u00f3l sz\u00f3l\u00f3 igazol\u00e1st nem kapta meg.<\/p>\n\n\t\t<\/div>\n\t<\/div>\n<\/div><\/div><\/div><\/div>","protected":false},"excerpt":{"rendered":"Expedierea Produselor Expedierea produselor se face in termenul a 2-3 zile lucratoare de la primirea comenzii. Produsele sunt verificate individual inainte de a fi trimise. Toate comenzile sunt amabalate\u00a0 si","protected":false},"author":1,"featured_media":0,"parent":0,"menu_order":0,"comment_status":"closed","ping_status":"closed","template":"","meta":{"_acf_changed":false,"footnotes":""},"class_list":["post-5821","page","type-page","status-publish","hentry"],"acf":[],"_links":{"self":[{"href":"https:\/\/hassting.ro\/hu\/wp-json\/wp\/v2\/pages\/5821","targetHints":{"allow":["GET"]}}],"collection":[{"href":"https:\/\/hassting.ro\/hu\/wp-json\/wp\/v2\/pages"}],"about":[{"href":"https:\/\/hassting.ro\/hu\/wp-json\/wp\/v2\/types\/page"}],"author":[{"embeddable":true,"href":"https:\/\/hassting.ro\/hu\/wp-json\/wp\/v2\/users\/1"}],"replies":[{"embeddable":true,"href":"https:\/\/hassting.ro\/hu\/wp-json\/wp\/v2\/comments?post=5821"}],"version-history":[{"count":0,"href":"https:\/\/hassting.ro\/hu\/wp-json\/wp\/v2\/pages\/5821\/revisions"}],"wp:attachment":[{"href":"https:\/\/hassting.ro\/hu\/wp-json\/wp\/v2\/media?parent=5821"}],"curies":[{"name":"wp","href":"https:\/\/api.w.org\/{rel}","templated":true}]}}