{"id":95768,"date":"2025-09-29T17:28:22","date_gmt":"2025-09-29T14:28:22","guid":{"rendered":"https:\/\/hassting.ro\/?post_type=product&#038;p=95768"},"modified":"2025-11-12T00:00:45","modified_gmt":"2025-11-11T21:00:45","slug":"mulineta-horen-sa2500s","status":"publish","type":"product","link":"https:\/\/hassting.ro\/bg\/magazin\/mulineta-horen-sa2500s\/","title":{"rendered":"Mulineta Horen SA2500S"},"content":{"rendered":"<h1>Mulineta Horen SA2500S<\/h1>\n<p>Mulinet\u0103 fiabil\u0103, cu un design deosebit \u0219i finisaje de calitate, recomandat\u0103 pescuitului\u00a0la plut\u0103 \u0219i la spinning. Are tambur metalic echilibrat computerizat, m\u00e2ner metalic (\u201dPower CNC\u201d) \u0219i fr\u00e2n\u0103 multipunct. Nu prezint\u0103 jocuri \u0219i vibra\u021bii \u00een func\u021bionare.\u00a0<\/p>\n<h1>Caracteristici\u00a0Mulineta Horen SA2500S<\/h1>\n<ul>\n<li>Capacitate: 0,24mm\/120m<\/li>\n<li>Raport recuperare: 5.2:1<\/li>\n<li>4 \u043b\u0430\u0433\u0435\u0440\u0430<\/li>\n<li>Greutate: 231g.<\/li>\n<li>Tambur: Al.<\/li>\n<li>Mulinet\u0103 fiabil\u0103, cu un design deosebit \u0219i finisaje de calitate, recomandat\u0103 pescuitului\u00a0la plut\u0103 \u0219i la spinning. Are tambur metalic echilibrat computerizat, m\u00e2ner metalic (\u201dPower CNC\u201d) \u0219i fr\u00e2n\u0103 multipunct. Nu prezint\u0103 jocuri \u0219i vibra\u021bii \u00een func\u021bionare.\u00a0<\/li>\n<\/ul>","protected":false},"excerpt":{"rendered":"<p>Mulineta Horen SA2500S,Mulineta Horen SA2500S<\/p>","protected":false},"featured_media":95770,"comment_status":"closed","ping_status":"open","template":"","meta":{"_acf_changed":false},"product_brand":[2487],"product_cat":[226,361],"product_tag":[],"class_list":{"0":"post-95768","1":"product","2":"type-product","3":"status-publish","4":"has-post-thumbnail","6":"product_brand-baracuda","7":"product_cat-magazin-pescuit","8":"product_cat-mulinete-pescuit-stationar","10":"first","11":"instock","12":"sale","13":"purchasable","14":"product-type-simple"},"acf":[],"_links":{"self":[{"href":"https:\/\/hassting.ro\/bg\/wp-json\/wp\/v2\/product\/95768","targetHints":{"allow":["GET"]}}],"collection":[{"href":"https:\/\/hassting.ro\/bg\/wp-json\/wp\/v2\/product"}],"about":[{"href":"https:\/\/hassting.ro\/bg\/wp-json\/wp\/v2\/types\/product"}],"replies":[{"embeddable":true,"href":"https:\/\/hassting.ro\/bg\/wp-json\/wp\/v2\/comments?post=95768"}],"version-history":[{"count":0,"href":"https:\/\/hassting.ro\/bg\/wp-json\/wp\/v2\/product\/95768\/revisions"}],"wp:featuredmedia":[{"embeddable":true,"href":"https:\/\/hassting.ro\/bg\/wp-json\/wp\/v2\/media\/95770"}],"wp:attachment":[{"href":"https:\/\/hassting.ro\/bg\/wp-json\/wp\/v2\/media?parent=95768"}],"wp:term":[{"taxonomy":"product_brand","embeddable":true,"href":"https:\/\/hassting.ro\/bg\/wp-json\/wp\/v2\/product_brand?post=95768"},{"taxonomy":"product_cat","embeddable":true,"href":"https:\/\/hassting.ro\/bg\/wp-json\/wp\/v2\/product_cat?post=95768"},{"taxonomy":"product_tag","embeddable":true,"href":"https:\/\/hassting.ro\/bg\/wp-json\/wp\/v2\/product_tag?post=95768"}],"curies":[{"name":"wp","href":"https:\/\/api.w.org\/{rel}","templated":true}]}}