{"id":95362,"date":"2025-09-29T17:26:12","date_gmt":"2025-09-29T14:26:12","guid":{"rendered":"https:\/\/hassting.ro\/?post_type=product&#038;p=95362"},"modified":"2025-11-12T00:08:17","modified_gmt":"2025-11-11T21:08:17","slug":"husa-impermeabila-pentru-scaun","status":"publish","type":"product","link":"https:\/\/hassting.ro\/bg\/magazin\/husa-impermeabila-pentru-scaun\/","title":{"rendered":"Hus\u0103 impermeabil\u0103  pentru scaun"},"content":{"rendered":"<h1>Hus\u0103 impermeabil\u0103\u00a0 pentru scaun<\/h1>\n<h1>Caracteristici hus\u0103 impermeabil\u0103\u00a0 pentru scaun<\/h1>\n<ul>\n<li>Hus\u0103 confec\u021bionat\u0103 dintr-un material total impermeabil, reglabil\u0103, care se preteaz\u0103, ca \u0219i dimensiune, la orice tip de scaun de crap<\/li>\n<li>Husa are s\u0103cule\u021b pentru transport<\/li>\n<\/ul>","protected":false},"excerpt":{"rendered":"<p>Hus\u0103 impermeabil\u0103  pentru scaun<\/p>","protected":false},"featured_media":95364,"comment_status":"closed","ping_status":"open","template":"","meta":{"_acf_changed":false},"product_brand":[2487],"product_cat":[1337,226],"product_tag":[],"class_list":{"0":"post-95362","1":"product","2":"type-product","3":"status-publish","4":"has-post-thumbnail","6":"product_brand-baracuda","7":"product_cat-articole-camping","8":"product_cat-magazin-pescuit","10":"first","11":"instock","12":"sale","13":"purchasable","14":"product-type-simple"},"acf":[],"_links":{"self":[{"href":"https:\/\/hassting.ro\/bg\/wp-json\/wp\/v2\/product\/95362","targetHints":{"allow":["GET"]}}],"collection":[{"href":"https:\/\/hassting.ro\/bg\/wp-json\/wp\/v2\/product"}],"about":[{"href":"https:\/\/hassting.ro\/bg\/wp-json\/wp\/v2\/types\/product"}],"replies":[{"embeddable":true,"href":"https:\/\/hassting.ro\/bg\/wp-json\/wp\/v2\/comments?post=95362"}],"version-history":[{"count":0,"href":"https:\/\/hassting.ro\/bg\/wp-json\/wp\/v2\/product\/95362\/revisions"}],"wp:featuredmedia":[{"embeddable":true,"href":"https:\/\/hassting.ro\/bg\/wp-json\/wp\/v2\/media\/95364"}],"wp:attachment":[{"href":"https:\/\/hassting.ro\/bg\/wp-json\/wp\/v2\/media?parent=95362"}],"wp:term":[{"taxonomy":"product_brand","embeddable":true,"href":"https:\/\/hassting.ro\/bg\/wp-json\/wp\/v2\/product_brand?post=95362"},{"taxonomy":"product_cat","embeddable":true,"href":"https:\/\/hassting.ro\/bg\/wp-json\/wp\/v2\/product_cat?post=95362"},{"taxonomy":"product_tag","embeddable":true,"href":"https:\/\/hassting.ro\/bg\/wp-json\/wp\/v2\/product_tag?post=95362"}],"curies":[{"name":"wp","href":"https:\/\/api.w.org\/{rel}","templated":true}]}}