{"id":92827,"date":"2025-09-29T17:13:07","date_gmt":"2025-09-29T14:13:07","guid":{"rendered":"https:\/\/hassting.ro\/?post_type=product&#038;p=92827"},"modified":"2025-11-13T19:32:36","modified_gmt":"2025-11-13T16:32:36","slug":"suport-strhcm","status":"publish","type":"product","link":"https:\/\/hassting.ro\/bg\/magazin\/suport-strhcm\/","title":{"rendered":"Suport STRHCM"},"content":{"rendered":"<h1>Suport STRHCM<\/h1>\n<p>Suport metalic pentru lanset\u0103, foarte robust.<\/p>\n<h1>Caracteristici suport STRHCM<\/h1>\n<ul>\n<li>Suport metalic pentru lanset\u00e3, foarte robust (cu diametrul de 10mm), inoxidabil, cu o form\u00e3 special\u00e3, patentat\u00e3, ce permite tinerea lansetelor \u00een unghiuri \u00eentre 45 \u0219i 60 de grade<\/li>\n<li>Lungime: 73,5cm<\/li>\n<li>Material: aluminiu<\/li>\n<\/ul>","protected":false},"excerpt":{"rendered":"<p>Suport STRHCM<\/p>","protected":false},"featured_media":92829,"comment_status":"closed","ping_status":"open","template":"","meta":{"_acf_changed":false},"product_brand":[2487],"product_cat":[226,1331],"product_tag":[],"class_list":{"0":"post-92827","1":"product","2":"type-product","3":"status-publish","4":"has-post-thumbnail","6":"product_brand-baracuda","7":"product_cat-magazin-pescuit","8":"product_cat-suporti-rodpod","10":"first","11":"instock","12":"sale","13":"purchasable","14":"product-type-simple"},"acf":[],"_links":{"self":[{"href":"https:\/\/hassting.ro\/bg\/wp-json\/wp\/v2\/product\/92827","targetHints":{"allow":["GET"]}}],"collection":[{"href":"https:\/\/hassting.ro\/bg\/wp-json\/wp\/v2\/product"}],"about":[{"href":"https:\/\/hassting.ro\/bg\/wp-json\/wp\/v2\/types\/product"}],"replies":[{"embeddable":true,"href":"https:\/\/hassting.ro\/bg\/wp-json\/wp\/v2\/comments?post=92827"}],"version-history":[{"count":0,"href":"https:\/\/hassting.ro\/bg\/wp-json\/wp\/v2\/product\/92827\/revisions"}],"wp:featuredmedia":[{"embeddable":true,"href":"https:\/\/hassting.ro\/bg\/wp-json\/wp\/v2\/media\/92829"}],"wp:attachment":[{"href":"https:\/\/hassting.ro\/bg\/wp-json\/wp\/v2\/media?parent=92827"}],"wp:term":[{"taxonomy":"product_brand","embeddable":true,"href":"https:\/\/hassting.ro\/bg\/wp-json\/wp\/v2\/product_brand?post=92827"},{"taxonomy":"product_cat","embeddable":true,"href":"https:\/\/hassting.ro\/bg\/wp-json\/wp\/v2\/product_cat?post=92827"},{"taxonomy":"product_tag","embeddable":true,"href":"https:\/\/hassting.ro\/bg\/wp-json\/wp\/v2\/product_tag?post=92827"}],"curies":[{"name":"wp","href":"https:\/\/api.w.org\/{rel}","templated":true}]}}